{"id":1451,"date":"2020-04-11T18:52:17","date_gmt":"2020-04-11T18:52:17","guid":{"rendered":"https:\/\/lerouxsharpening.ca\/contact-us\/"},"modified":"2021-08-03T14:22:03","modified_gmt":"2021-08-03T14:22:03","slug":"contact-us","status":"publish","type":"page","link":"https:\/\/lerouxsharpening.ca\/fr\/contact-us\/","title":{"rendered":"Contactez-nous"},"content":{"rendered":"\t\t<div data-elementor-type=\"wp-page\" data-elementor-id=\"1451\" class=\"elementor elementor-1451 elementor-40\">\n\t\t\t\t\t\t<section class=\"elementor-section elementor-top-section elementor-element elementor-element-2f64bf1 elementor-section-boxed elementor-section-height-default elementor-section-height-default\" data-id=\"2f64bf1\" data-element_type=\"section\" data-settings=\"{&quot;background_background&quot;:&quot;classic&quot;}\">\n\t\t\t\t\t\t<div class=\"elementor-container elementor-column-gap-default\">\n\t\t\t\t\t<div class=\"elementor-column elementor-col-50 elementor-top-column elementor-element elementor-element-6e212c3\" data-id=\"6e212c3\" data-element_type=\"column\">\n\t\t\t<div class=\"elementor-widget-wrap elementor-element-populated\">\n\t\t\t\t\t\t<div class=\"elementor-element elementor-element-e4eca9d elementor-widget elementor-widget-shortcode\" data-id=\"e4eca9d\" data-element_type=\"widget\" data-widget_type=\"shortcode.default\">\n\t\t\t\t<div class=\"elementor-widget-container\">\n\t\t\t\t\t<div class=\"elementor-shortcode\">\n<div class=\"wpcf7 no-js\" id=\"wpcf7-f1468-o1\" lang=\"en-US\" dir=\"ltr\" data-wpcf7-id=\"1468\">\n<div class=\"screen-reader-response\"><p role=\"status\" aria-live=\"polite\" aria-atomic=\"true\"><\/p> <ul><\/ul><\/div>\n<form action=\"\/fr\/wp-json\/wp\/v2\/pages\/1451#wpcf7-f1468-o1\" method=\"post\" class=\"wpcf7-form init\" aria-label=\"Contact form\" novalidate=\"novalidate\" data-status=\"init\">\n<div style=\"display: none;\">\n<input type=\"hidden\" name=\"_wpcf7\" value=\"1468\" \/>\n<input type=\"hidden\" name=\"_wpcf7_version\" value=\"6.0.1\" \/>\n<input type=\"hidden\" name=\"_wpcf7_locale\" value=\"en_US\" \/>\n<input type=\"hidden\" name=\"_wpcf7_unit_tag\" value=\"wpcf7-f1468-o1\" \/>\n<input type=\"hidden\" name=\"_wpcf7_container_post\" value=\"0\" \/>\n<input type=\"hidden\" name=\"_wpcf7_posted_data_hash\" value=\"\" \/>\n<input type=\"hidden\" name=\"_wpcf7_recaptcha_response\" value=\"\" \/>\n<\/div>\n<div class=\"cons-contact-form\">\n\t<div class=\"section-head left wt-small-separator-outer\">\n\t\t<div class=\"wt-small-separator site-text-primary\">\n\t\t\t<div class=\"sep-leaf-left\">\n\t\t\t<\/div>\n\t\t\t<div>\n\t\t\t\t<p>Formulaire de contact\n\t\t\t\t<\/p>\n\t\t\t<\/div>\n\t\t\t<div class=\"sep-leaf-right\">\n\t\t\t<\/div>\n\t\t<\/div>\n\t\t<h2>\u00c9crivez-nous\n\t\t<\/h2>\n\t<\/div>\n\t<div class=\"row\">\n\t\t<div class=\"col-lg-12 col-md-12\">\n\t\t\t<div class=\"form-group\">\n\t\t\t\t<p><input name=\"username\" type=\"text\" required=\"\" class=\"form-control\" placeholder=\"Nom\" \/>\n\t\t\t\t<\/p>\n\t\t\t<\/div>\n\t\t<\/div>\n\t\t<div class=\"col-lg-12 col-md-12\">\n\t\t\t<div class=\"form-group\">\n\t\t\t\t<p><input name=\"email\" type=\"text\" class=\"form-control\" required=\"\" placeholder=\"Courriel\" \/>\n\t\t\t\t<\/p>\n\t\t\t<\/div>\n\t\t<\/div>\n\t\t<div class=\"col-lg-12 col-md-12\">\n\t\t\t<div class=\"form-group\">\n\t\t\t\t<p><input name=\"phone\" type=\"text\" class=\"form-control\" required=\"\" placeholder=\"T\u00e9l\u00e9phone\" \/>\n\t\t\t\t<\/p>\n\t\t\t<\/div>\n\t\t<\/div>\n\t\t<div class=\"col-md-12\">\n\t\t\t<div class=\"form-group\">\n\t\t\t\t<p><textarea name=\"message\" class=\"form-control\" rows=\"4\" placeholder=\"Message\"><\/textarea>\n\t\t\t\t<\/p>\n\t\t\t<\/div>\n\t\t<\/div>\n\t\t<div class=\"col-md-12\">\n\t\t\t<p><button type=\"submit\" class=\"site-button site-btn-effect\">Envoyer<\/button>\n\t\t\t<\/p>\n\t\t<\/div>\n\t<\/div>\n<\/div><div class=\"wpcf7-response-output\" aria-hidden=\"true\"><\/div>\n<\/form>\n<\/div>\n<\/div>\n\t\t\t\t<\/div>\n\t\t\t\t<\/div>\n\t\t\t\t<div class=\"elementor-element elementor-element-080ab55 elementor-align-center elementor-widget elementor-widget-button\" data-id=\"080ab55\" data-element_type=\"widget\" data-widget_type=\"button.default\">\n\t\t\t\t<div class=\"elementor-widget-container\">\n\t\t\t\t\t\t\t<div class=\"elementor-button-wrapper\">\n\t\t\t\t\t<a class=\"elementor-button elementor-button-link elementor-size-md\" href=\"https:\/\/lerouxsharpening.ca\/wp-content\/uploads\/2021\/07\/nouveaux_clients.pdf\">\n\t\t\t\t\t\t<span class=\"elementor-button-content-wrapper\">\n\t\t\t\t\t\t<span class=\"elementor-button-icon\">\n\t\t\t\t<i aria-hidden=\"true\" class=\"fas fa-file-download\"><\/i>\t\t\t<\/span>\n\t\t\t\t\t\t\t\t\t<span class=\"elementor-button-text\">Cliquez-ici pour t\u00e9l\u00e9charger le formulaire de nouveau client<\/span>\n\t\t\t\t\t<\/span>\n\t\t\t\t\t<\/a>\n\t\t\t\t<\/div>\n\t\t\t\t\t\t<\/div>\n\t\t\t\t<\/div>\n\t\t\t\t\t<\/div>\n\t\t<\/div>\n\t\t\t\t<div class=\"elementor-column elementor-col-50 elementor-top-column elementor-element elementor-element-64d74a4\" data-id=\"64d74a4\" data-element_type=\"column\">\n\t\t\t<div class=\"elementor-widget-wrap elementor-element-populated\">\n\t\t\t\t\t\t<div class=\"elementor-element elementor-element-0f51984 elementor-widget elementor-widget-contact-info\" data-id=\"0f51984\" data-element_type=\"widget\" data-widget_type=\"contact-info.default\">\n\t\t\t\t<div class=\"elementor-widget-container\">\n\t\t\t\t\t<div class=\"contact-info\">\n\t\t\t<div class=\"contact-info-inner\">\n\t\t\t\t\t\t\t\t\t<!-- TITLE START-->\n\t\t\t\t\t<div class=\"section-head left wt-small-separator-outer\">\n\t\t\t\t\t\t<div class=\"wt-small-separator site-text-primary\">\n\t\t\t\t\t\t\t<div class=\"sep-leaf-left\"><\/div>\n\t\t\t\t\t\t\t<div>Venez nous voir<\/div>\n\t\t\t\t\t\t\t<div class=\"sep-leaf-right\"><\/div>\n\t\t\t\t\t\t<\/div>\n\t\t\t\t\t\t<h2>Notre information compl\u00e8te<\/h2>\n\t\t\t\t\t<\/div>                                                                                           \n\t\t\t\t\t<!-- TITLE END-->\t\n\t\t\t\t\t\t\t\t\t \n\n\t\t\t\t<div class=\"contact-info-section\" style=\"background-image:url(https:\/\/lerouxsharpening.ca\/wp-content\/themes\/industroz\/assets\/images\/bg-map2.png);\">  \n\t\t\t\t\t\t\t\t\t\t\t<div class=\"wt-icon-box-wraper left m-b30\">\n\n\t\t\t\t\t\t\t<div class=\"icon-content\">\n\t\t\t\t\t\t\t\t<h3 class=\"m-t0 text-white\">T\u00e9l\u00e9phone &amp; t\u00e9l\u00e9copieur<\/h3>\n\t\t\t\t\t\t\t\t(613) 749-5551\t\t\t\t\t\t\t<\/div>\n\t\t\t\t\t\t<\/div>\n\t\t\t\t\t\t\t\t\t\t\t\t<div class=\"wt-icon-box-wraper left m-b30\">\n\n\t\t\t\t\t\t\t<div class=\"icon-content\">\n\t\t\t\t\t\t\t\t<h3 class=\"m-t0 text-white\">Courriel<\/h3>\n\t\t\t\t\t\t\t\t<a>lerouxsharpening@gmail.com<\/a>\t\t\t\t\t\t\t<\/div>\n\t\t\t\t\t\t<\/div>\n\t\t\t\t\t\t\t\t\t\t\t\t<div class=\"wt-icon-box-wraper left m-b30\">\n\n\t\t\t\t\t\t\t<div class=\"icon-content\">\n\t\t\t\t\t\t\t\t<h3 class=\"m-t0 text-white\">Adresse<\/h3>\n\t\t\t\t\t\t\t\t1551-B1 Michael, Ottawa, ON.\u00a0 K1B 3T4\n\t\t\t\t\t\t\t<\/div>\n\t\t\t\t\t\t<\/div>\n\t\t\t\t\t\t\t\t\t\t\t\t<div class=\"wt-icon-box-wraper left \">\n\n\t\t\t\t\t\t\t<div class=\"icon-content\">\n\t\t\t\t\t\t\t\t<h3 class=\"m-t0 text-white\">Heures d&#039;ouverture<\/h3>\n\t\t\t\t\t\t\t\t<ul class=\"list-unstyled\"><li>Lundi-Jeudi : 8 h \u2013 16 h<\/li><li>Vendredi : 8 h \u2013 13 h<\/li><li>Samedi : Fermer<\/li><li>Dimanche : Fermer<\/li><\/ul>\t\t\t\t\t\t\t<\/div>\n\t\t\t\t\t\t<\/div>\n\t\t\t\t\t\t\t\t\t\t<\/div>\n\t\t\t<\/div>\n\t\t<\/div>\n\t\t\t\t<\/div>\n\t\t\t\t<\/div>\n\t\t\t\t\t<\/div>\n\t\t<\/div>\n\t\t\t\t\t<\/div>\n\t\t<\/section>\n\t\t\t\t<section class=\"elementor-section elementor-top-section elementor-element elementor-element-132dbd0 elementor-section-boxed elementor-section-height-default elementor-section-height-default\" data-id=\"132dbd0\" data-element_type=\"section\">\n\t\t\t\t\t\t<div class=\"elementor-container elementor-column-gap-default\">\n\t\t\t\t\t<div class=\"elementor-column elementor-col-100 elementor-top-column elementor-element elementor-element-8965759\" data-id=\"8965759\" data-element_type=\"column\">\n\t\t\t<div class=\"elementor-widget-wrap elementor-element-populated\">\n\t\t\t\t\t\t<div class=\"elementor-element elementor-element-8a95ce2 elementor-widget elementor-widget-google_maps\" data-id=\"8a95ce2\" data-element_type=\"widget\" data-widget_type=\"google_maps.default\">\n\t\t\t\t<div class=\"elementor-widget-container\">\n\t\t\t\t\t<div class=\"elementor-custom-embed\">\n\t\t\t<iframe loading=\"lazy\"\n\t\t\t\t\tsrc=\"https:\/\/maps.google.com\/maps?q=Aff%C3%BBtage%20Leroux%20Sharpening&#038;t=m&#038;z=13&#038;output=embed&#038;iwloc=near\"\n\t\t\t\t\ttitle=\"Aff\u00fbtage Leroux Sharpening\"\n\t\t\t\t\taria-label=\"Aff\u00fbtage Leroux Sharpening\"\n\t\t\t><\/iframe>\n\t\t<\/div>\n\t\t\t\t<\/div>\n\t\t\t\t<\/div>\n\t\t\t\t\t<\/div>\n\t\t<\/div>\n\t\t\t\t\t<\/div>\n\t\t<\/section>\n\t\t\t\t<\/div>\n\t\t","protected":false},"excerpt":{"rendered":"<p>Cliquez-ici pour t\u00e9l\u00e9charger le formulaire de nouveau client Venez nous voir Notre information compl\u00e8te T\u00e9l\u00e9phone &amp; t\u00e9l\u00e9copieur (613) 749-5551 Courriel lerouxsharpening@gmail.com Adresse 1551-B1 Michael, Ottawa, ON.\u00a0 K1B 3T4 Heures d&#039;ouverture Lundi-Jeudi : 8 h \u2013 16 h Vendredi : 8 h \u2013 13 h Samedi : Fermer Dimanche : Fermer<\/p>\n","protected":false},"author":1,"featured_media":0,"parent":0,"menu_order":0,"comment_status":"closed","ping_status":"closed","template":"","meta":{"footnotes":""},"class_list":["post-1451","page","type-page","status-publish","hentry"],"_links":{"self":[{"href":"https:\/\/lerouxsharpening.ca\/fr\/wp-json\/wp\/v2\/pages\/1451","targetHints":{"allow":["GET"]}}],"collection":[{"href":"https:\/\/lerouxsharpening.ca\/fr\/wp-json\/wp\/v2\/pages"}],"about":[{"href":"https:\/\/lerouxsharpening.ca\/fr\/wp-json\/wp\/v2\/types\/page"}],"author":[{"embeddable":true,"href":"https:\/\/lerouxsharpening.ca\/fr\/wp-json\/wp\/v2\/users\/1"}],"replies":[{"embeddable":true,"href":"https:\/\/lerouxsharpening.ca\/fr\/wp-json\/wp\/v2\/comments?post=1451"}],"version-history":[{"count":19,"href":"https:\/\/lerouxsharpening.ca\/fr\/wp-json\/wp\/v2\/pages\/1451\/revisions"}],"predecessor-version":[{"id":1526,"href":"https:\/\/lerouxsharpening.ca\/fr\/wp-json\/wp\/v2\/pages\/1451\/revisions\/1526"}],"wp:attachment":[{"href":"https:\/\/lerouxsharpening.ca\/fr\/wp-json\/wp\/v2\/media?parent=1451"}],"curies":[{"name":"wp","href":"https:\/\/api.w.org\/{rel}","templated":true}]}}