{"id":1442,"date":"2021-07-13T14:30:24","date_gmt":"2021-07-13T14:30:24","guid":{"rendered":"https:\/\/lerouxsharpening.ca\/locations\/"},"modified":"2021-07-22T14:22:36","modified_gmt":"2021-07-22T14:22:36","slug":"locations","status":"publish","type":"page","link":"https:\/\/lerouxsharpening.ca\/fr\/locations\/","title":{"rendered":"Points de d\u00e9p\u00f4ts"},"content":{"rendered":"\t\t<div data-elementor-type=\"wp-page\" data-elementor-id=\"1442\" class=\"elementor elementor-1442 elementor-914\">\n\t\t\t\t\t\t<section class=\"elementor-section elementor-top-section elementor-element elementor-element-efd716b elementor-section-boxed elementor-section-height-default elementor-section-height-default\" data-id=\"efd716b\" data-element_type=\"section\">\n\t\t\t\t\t\t<div class=\"elementor-container elementor-column-gap-default\">\n\t\t\t\t\t<div class=\"elementor-column elementor-col-100 elementor-top-column elementor-element elementor-element-10c8bf1\" data-id=\"10c8bf1\" data-element_type=\"column\">\n\t\t\t<div class=\"elementor-widget-wrap elementor-element-populated\">\n\t\t\t\t\t\t<div class=\"elementor-element elementor-element-88e116b elementor-widget-divider--view-line_text elementor-widget-divider--element-align-center elementor-widget elementor-widget-divider\" data-id=\"88e116b\" data-element_type=\"widget\" data-widget_type=\"divider.default\">\n\t\t\t\t<div class=\"elementor-widget-container\">\n\t\t\t\t\t<div class=\"elementor-divider\">\n\t\t\t<span class=\"elementor-divider-separator\">\n\t\t\t\t\t\t\t<span class=\"elementor-divider__text elementor-divider__element\">\n\t\t\t\tRevenez bient\u00f4t pour voir l'ensemble de nos points de d\u00e9p\u00f4ts\t\t\t\t<\/span>\n\t\t\t\t\t\t<\/span>\n\t\t<\/div>\n\t\t\t\t<\/div>\n\t\t\t\t<\/div>\n\t\t\t\t<div class=\"elementor-element elementor-element-82c9cc9 elementor-widget elementor-widget-google_maps\" data-id=\"82c9cc9\" data-element_type=\"widget\" data-widget_type=\"google_maps.default\">\n\t\t\t\t<div class=\"elementor-widget-container\">\n\t\t\t\t\t<div class=\"elementor-custom-embed\">\n\t\t\t<iframe loading=\"lazy\"\n\t\t\t\t\tsrc=\"https:\/\/maps.google.com\/maps?q=Aff%C3%BBtage%20Leroux%20Sharpening&#038;t=m&#038;z=14&#038;output=embed&#038;iwloc=near\"\n\t\t\t\t\ttitle=\"Aff\u00fbtage Leroux Sharpening\"\n\t\t\t\t\taria-label=\"Aff\u00fbtage Leroux Sharpening\"\n\t\t\t><\/iframe>\n\t\t<\/div>\n\t\t\t\t<\/div>\n\t\t\t\t<\/div>\n\t\t\t\t\t<\/div>\n\t\t<\/div>\n\t\t\t\t\t<\/div>\n\t\t<\/section>\n\t\t\t\t<\/div>\n\t\t","protected":false},"excerpt":{"rendered":"<p>Revenez bient\u00f4t pour voir l&rsquo;ensemble de nos points de d\u00e9p\u00f4ts<\/p>\n","protected":false},"author":1,"featured_media":0,"parent":0,"menu_order":0,"comment_status":"closed","ping_status":"closed","template":"elementor_header_footer","meta":{"footnotes":""},"class_list":["post-1442","page","type-page","status-publish","hentry"],"_links":{"self":[{"href":"https:\/\/lerouxsharpening.ca\/fr\/wp-json\/wp\/v2\/pages\/1442","targetHints":{"allow":["GET"]}}],"collection":[{"href":"https:\/\/lerouxsharpening.ca\/fr\/wp-json\/wp\/v2\/pages"}],"about":[{"href":"https:\/\/lerouxsharpening.ca\/fr\/wp-json\/wp\/v2\/types\/page"}],"author":[{"embeddable":true,"href":"https:\/\/lerouxsharpening.ca\/fr\/wp-json\/wp\/v2\/users\/1"}],"replies":[{"embeddable":true,"href":"https:\/\/lerouxsharpening.ca\/fr\/wp-json\/wp\/v2\/comments?post=1442"}],"version-history":[{"count":7,"href":"https:\/\/lerouxsharpening.ca\/fr\/wp-json\/wp\/v2\/pages\/1442\/revisions"}],"predecessor-version":[{"id":1449,"href":"https:\/\/lerouxsharpening.ca\/fr\/wp-json\/wp\/v2\/pages\/1442\/revisions\/1449"}],"wp:attachment":[{"href":"https:\/\/lerouxsharpening.ca\/fr\/wp-json\/wp\/v2\/media?parent=1442"}],"curies":[{"name":"wp","href":"https:\/\/api.w.org\/{rel}","templated":true}]}}