{"id":1393,"date":"2021-03-03T15:17:07","date_gmt":"2021-03-03T15:17:07","guid":{"rendered":"https:\/\/lerouxsharpening.ca\/home\/"},"modified":"2021-07-22T13:44:07","modified_gmt":"2021-07-22T13:44:07","slug":"home","status":"publish","type":"page","link":"https:\/\/lerouxsharpening.ca\/fr\/","title":{"rendered":"Accueil"},"content":{"rendered":"\t\t<div data-elementor-type=\"wp-page\" data-elementor-id=\"1393\" class=\"elementor elementor-1393 elementor-675\">\n\t\t\t\t\t\t<section class=\"elementor-section elementor-top-section elementor-element elementor-element-5e727c9 elementor-section-boxed elementor-section-height-default elementor-section-height-default\" data-id=\"5e727c9\" data-element_type=\"section\">\n\t\t\t\t\t\t<div class=\"elementor-container elementor-column-gap-default\">\n\t\t\t\t\t<div class=\"elementor-column elementor-col-100 elementor-top-column elementor-element elementor-element-d37fcca\" data-id=\"d37fcca\" data-element_type=\"column\">\n\t\t\t<div class=\"elementor-widget-wrap elementor-element-populated\">\n\t\t\t\t\t\t<div class=\"elementor-element elementor-element-c16d729 elementor-widget elementor-widget-slider_revolution\" data-id=\"c16d729\" data-element_type=\"widget\" data-widget_type=\"slider_revolution.default\">\n\t\t\t\t<div class=\"elementor-widget-container\">\n\t\t\t\n\t\t<div class=\"wp-block-themepunch-revslider\">\n\t\t\t<!-- START Slider 4 1 REVOLUTION SLIDER 6.5.3 --><p class=\"rs-p-wp-fix\"><\/p>\n\t\t\t<rs-module-wrap id=\"rev_slider_5_1_wrapper\" data-source=\"gallery\" style=\"visibility:hidden;background:transparent;padding:0;margin:0px auto;margin-top:0;margin-bottom:0;\">\n\t\t\t\t<rs-module id=\"rev_slider_5_1\" style=\"\" data-version=\"6.5.3\">\n\t\t\t\t\t<rs-slides>\n\t\t\t\t\t\t<rs-slide data-key=\"rs-15\" data-title=\"Slide\" data-thumb=\"\/\/lerouxsharpening.ca\/wp-content\/uploads\/revslider\/slider-4-1\/slide21-50x100.jpg\" data-duration=\"10000ms\" data-in=\"o:0;\" data-out=\"a:false;\">\n\t\t\t\t\t\t\t<img fetchpriority=\"high\" decoding=\"async\" src=\"\/\/lerouxsharpening.ca\/wp-content\/plugins\/revslider\/public\/assets\/assets\/dummy.png\" title=\"slide21.jpg\" width=\"1920\" height=\"922\" class=\"rev-slidebg tp-rs-img rs-lazyload\" data-lazyload=\"\/\/lerouxsharpening.ca\/wp-content\/uploads\/revslider\/slider-4-1\/slide21.jpg\" data-panzoom=\"d:10000;ss:110%;se:100;\" data-no-retina>\n<!--\n\t\t\t\t\t\t\t--><rs-layer\n\t\t\t\t\t\t\t\tid=\"slider-5-slide-15-layer-0\" \n\t\t\t\t\t\t\t\tdata-type=\"text\"\n\t\t\t\t\t\t\t\tdata-rsp_ch=\"on\"\n\t\t\t\t\t\t\t\tdata-xy=\"x:l,l,l,c;xo:380px,238px,166px,0;yo:197px,309px,280px,248px;\"\n\t\t\t\t\t\t\t\tdata-text=\"w:normal;s:113,94,85,69;l:95,79,71,69;fw:500;a:left,left,left,center;\"\n\t\t\t\t\t\t\t\tdata-dim=\"w:751px,625px,566px,471px;\"\n\t\t\t\t\t\t\t\tdata-frame_0=\"y:100%;\"\n\t\t\t\t\t\t\t\tdata-frame_0_mask=\"u:t;\"\n\t\t\t\t\t\t\t\tdata-frame_1=\"e:power4.inOut;sp:2000;\"\n\t\t\t\t\t\t\t\tdata-frame_1_mask=\"u:t;\"\n\t\t\t\t\t\t\t\tdata-frame_999=\"y:-100%;o:0;e:power4.inOut;st:8710;sp:1200;sR:6710;\"\n\t\t\t\t\t\t\t\tdata-frame_999_mask=\"u:t;\"\n\t\t\t\t\t\t\t\tstyle=\"z-index:5;font-family:Teko;text-transform:uppercase;\"\n\t\t\t\t\t\t\t>Entreprise locale et bilingue, \n\t\t\t\t\t\t\t<\/rs-layer><!--\n\n\t\t\t\t\t\t\t--><rs-layer\n\t\t\t\t\t\t\t\tid=\"slider-5-slide-15-layer-1\" \n\t\t\t\t\t\t\t\tdata-type=\"text\"\n\t\t\t\t\t\t\t\tdata-rsp_ch=\"on\"\n\t\t\t\t\t\t\t\tdata-xy=\"x:l,l,l,c;xo:383px,239px,168px,0;yo:404px,476px,431px,394px;\"\n\t\t\t\t\t\t\t\tdata-text=\"w:normal;s:19,16,16,14;l:28,28,29,20;fw:500;a:left,left,left,center;\"\n\t\t\t\t\t\t\t\tdata-dim=\"w:558px,501px,454px,442px;\"\n\t\t\t\t\t\t\t\tdata-frame_0=\"y:100%;\"\n\t\t\t\t\t\t\t\tdata-frame_0_mask=\"u:t;\"\n\t\t\t\t\t\t\t\tdata-frame_1=\"e:power4.inOut;st:500;sp:2000;sR:500;\"\n\t\t\t\t\t\t\t\tdata-frame_1_mask=\"u:t;\"\n\t\t\t\t\t\t\t\tdata-frame_999=\"y:-100%;o:0;e:power4.inOut;st:8860;sp:1200;sR:6360;\"\n\t\t\t\t\t\t\t\tdata-frame_999_mask=\"u:t;\"\n\t\t\t\t\t\t\t\tstyle=\"z-index:6;font-family:Poppins;\"\n\t\t\t\t\t\t\t>Aff\u00fbtage Leroux Sharpening s\u2019efforce d\u2019offrir le meilleur service, que vous soyez \u00e9b\u00e9niste, contracteur, menuisier, jardinier ou bricoleur. \n\t\t\t\t\t\t\t<\/rs-layer><!--\n\n\t\t\t\t\t\t\t--><a\n\t\t\t\t\t\t\t\tid=\"slider-5-slide-15-layer-2\" \n\t\t\t\t\t\t\t\tclass=\"rs-layer rev-btn\"\n\t\t\t\t\t\t\t\thref=\"https:\/\/lerouxsharpening.ca\/contact-us\/\" target=\"_self\" rel=\"nofollow\"\n\t\t\t\t\t\t\t\tdata-type=\"button\"\n\t\t\t\t\t\t\t\tdata-rsp_ch=\"on\"\n\t\t\t\t\t\t\t\tdata-xy=\"x:l,l,l,c;xo:385px,240px,169px,0;yo:530px,585px,538px,472px;\"\n\t\t\t\t\t\t\t\tdata-text=\"w:normal;s:13,12,12,12;l:20,18,16,12;fw:500;\"\n\t\t\t\t\t\t\t\tdata-dim=\"minh:0px,none,none,none;\"\n\t\t\t\t\t\t\t\tdata-padding=\"t:14,12,11,10;r:38,32,29,20;b:14,12,11,10;l:38,32,29,20;\"\n\t\t\t\t\t\t\t\tdata-frame_0=\"y:100%;\"\n\t\t\t\t\t\t\t\tdata-frame_0_mask=\"u:t;\"\n\t\t\t\t\t\t\t\tdata-frame_1=\"e:power4.inOut;st:1300;sp:2000;sR:1300;\"\n\t\t\t\t\t\t\t\tdata-frame_1_mask=\"u:t;\"\n\t\t\t\t\t\t\t\tdata-frame_999=\"y:-100%;o:0;e:power4.inOut;st:8980;sp:1200;sR:5680;\"\n\t\t\t\t\t\t\t\tdata-frame_999_mask=\"u:t;\"\n\t\t\t\t\t\t\t\tdata-frame_hover=\"c:#fff;bgc:#ff0000;bor:0px,0px,0px,0px;bri:120%;\"\n\t\t\t\t\t\t\t\tstyle=\"z-index:7;background-color:#ff0000;font-family:Poppins;text-transform:uppercase;\"\n\t\t\t\t\t\t\t>Contactez-nous \n\t\t\t\t\t\t\t<\/a><!--\n-->\t\t\t\t\t\t<\/rs-slide>\n\t\t\t\t\t\t<rs-slide data-key=\"rs-16\" data-title=\"Slide\" data-thumb=\"\/\/lerouxsharpening.ca\/wp-content\/uploads\/revslider\/slider-4-1\/slide31-50x100.jpg\" data-duration=\"7000ms\" data-in=\"o:0;\" data-out=\"a:false;\">\n\t\t\t\t\t\t\t<img decoding=\"async\" src=\"\/\/lerouxsharpening.ca\/wp-content\/plugins\/revslider\/public\/assets\/assets\/dummy.png\" title=\"slide31.jpg\" width=\"1920\" height=\"922\" class=\"rev-slidebg tp-rs-img rs-lazyload\" data-lazyload=\"\/\/lerouxsharpening.ca\/wp-content\/uploads\/revslider\/slider-4-1\/slide31.jpg\" data-panzoom=\"d:10000;ss:110%;se:100%;\" data-no-retina>\n<!--\n\t\t\t\t\t\t\t--><rs-layer\n\t\t\t\t\t\t\t\tid=\"slider-5-slide-16-layer-0\" \n\t\t\t\t\t\t\t\tdata-type=\"text\"\n\t\t\t\t\t\t\t\tdata-rsp_ch=\"on\"\n\t\t\t\t\t\t\t\tdata-xy=\"x:l,l,l,c;xo:392px,238px,163px,0;yo:218px,307px,278px,263px;\"\n\t\t\t\t\t\t\t\tdata-text=\"w:normal;s:103,85,77,60;l:86,71,64,60;fw:500;a:left,left,left,center;\"\n\t\t\t\t\t\t\t\tdata-dim=\"w:675px,562px,509px,418px;\"\n\t\t\t\t\t\t\t\tdata-frame_0=\"y:100%;\"\n\t\t\t\t\t\t\t\tdata-frame_0_mask=\"u:t;\"\n\t\t\t\t\t\t\t\tdata-frame_1=\"e:power4.inOut;sp:2000;\"\n\t\t\t\t\t\t\t\tdata-frame_1_mask=\"u:t;\"\n\t\t\t\t\t\t\t\tdata-frame_999=\"y:-100%;o:0;e:power4.inOut;st:5300;sp:1200;\"\n\t\t\t\t\t\t\t\tdata-frame_999_mask=\"u:t;\"\n\t\t\t\t\t\t\t\tstyle=\"z-index:5;font-family:Teko;text-transform:uppercase;\"\n\t\t\t\t\t\t\t>Aff\u00fbtage Leroux Sharpening  \n\t\t\t\t\t\t\t<\/rs-layer><!--\n\n\t\t\t\t\t\t\t--><rs-layer\n\t\t\t\t\t\t\t\tid=\"slider-5-slide-16-layer-1\" \n\t\t\t\t\t\t\t\tdata-type=\"text\"\n\t\t\t\t\t\t\t\tdata-rsp_ch=\"on\"\n\t\t\t\t\t\t\t\tdata-xy=\"x:l,l,l,c;xo:392px,239px,165px,0;yo:405px,472px,430px,392px;\"\n\t\t\t\t\t\t\t\tdata-text=\"w:normal;s:19,16,16,14;l:28,29,28,20;fw:500;a:left,left,left,center;\"\n\t\t\t\t\t\t\t\tdata-dim=\"w:558px,522px,473px,416px;\"\n\t\t\t\t\t\t\t\tdata-frame_0=\"y:100%;\"\n\t\t\t\t\t\t\t\tdata-frame_0_mask=\"u:t;\"\n\t\t\t\t\t\t\t\tdata-frame_1=\"e:power4.inOut;st:500;sp:2000;sR:500;\"\n\t\t\t\t\t\t\t\tdata-frame_1_mask=\"u:t;\"\n\t\t\t\t\t\t\t\tdata-frame_999=\"y:-100%;o:0;e:power4.inOut;st:5700;sp:1200;\"\n\t\t\t\t\t\t\t\tdata-frame_999_mask=\"u:t;\"\n\t\t\t\t\t\t\t\tstyle=\"z-index:6;font-family:Poppins;\"\n\t\t\t\t\t\t\t>vous offre des services d\u2019aff\u00fbtage d\u2019outils \u00e0 bois et \u00e0 m\u00e9tal, de jardinage et de couteaux. \n\t\t\t\t\t\t\t<\/rs-layer><!--\n-->\t\t\t\t\t\t<\/rs-slide>\n\t\t\t\t\t<\/rs-slides>\n\t\t\t\t<\/rs-module>\n\t\t\t\t<script type=\"text\/javascript\">\n\t\t\t\t\tsetREVStartSize({c: 'rev_slider_5_1',rl:[1800,1600,1450,769],el:[700,768,700,650],gw:[1920,1600,1450,768],gh:[700,768,700,650],type:'standard',justify:'',layout:'fullwidth',mh:\"0\"});\n\t\t\t\t<\/script>\n\t\t\t<\/rs-module-wrap>\n\t\t\t<!-- END REVOLUTION SLIDER -->\n<\/div>\n\n\t\t\t\t<\/div>\n\t\t\t\t<\/div>\n\t\t\t\t\t<\/div>\n\t\t<\/div>\n\t\t\t\t\t<\/div>\n\t\t<\/section>\n\t\t\t\t<section class=\"elementor-section elementor-top-section elementor-element elementor-element-3ea57c9 elementor-section-boxed elementor-section-height-default elementor-section-height-default\" data-id=\"3ea57c9\" data-element_type=\"section\">\n\t\t\t\t\t\t<div class=\"elementor-container elementor-column-gap-default\">\n\t\t\t\t\t<div class=\"elementor-column elementor-col-66 elementor-top-column elementor-element elementor-element-7be5c45\" data-id=\"7be5c45\" data-element_type=\"column\">\n\t\t\t<div class=\"elementor-widget-wrap elementor-element-populated\">\n\t\t\t\t\t\t<div class=\"elementor-element elementor-element-4050ade elementor-widget elementor-widget-heading\" data-id=\"4050ade\" data-element_type=\"widget\" data-widget_type=\"heading.default\">\n\t\t\t\t<div class=\"elementor-widget-container\">\n\t\t\t<h2 class=\"elementor-heading-title elementor-size-large\">Pensez-si...<\/h2>\t\t<\/div>\n\t\t\t\t<\/div>\n\t\t\t\t<div class=\"elementor-element elementor-element-e443a06 elementor-widget elementor-widget-heading\" data-id=\"e443a06\" data-element_type=\"widget\" data-widget_type=\"heading.default\">\n\t\t\t\t<div class=\"elementor-widget-container\">\n\t\t\t<h2 class=\"elementor-heading-title elementor-size-default\">L\u2019aff\u00fbtage permet de prolonger la vie de votre \u00e9quipement.<\/h2>\t\t<\/div>\n\t\t\t\t<\/div>\n\t\t\t\t<div class=\"elementor-element elementor-element-a293fcf elementor-widget elementor-widget-text-editor\" data-id=\"a293fcf\" data-element_type=\"widget\" data-widget_type=\"text-editor.default\">\n\t\t\t\t<div class=\"elementor-widget-container\">\n\t\t\t\t\t\t\t<p>Inutile de le remplacer, il suffit de le faire aff\u00fbter. Cela r\u00e9duit les co\u00fbts. De plus, un outil bien aiguis\u00e9 dure plus longtemps et est plus efficace.<\/p><p>L\u2019aiguisage se fait en atelier fixe afin d\u2019\u00e9viter toute vibration. Nous utilisons des machines d\u2019aff\u00fbtage de grande pr\u00e9cision pour vous assurer le meilleur r\u00e9sultat.<\/p>\t\t\t\t\t\t<\/div>\n\t\t\t\t<\/div>\n\t\t\t\t\t<\/div>\n\t\t<\/div>\n\t\t\t\t<div class=\"elementor-column elementor-col-33 elementor-top-column elementor-element elementor-element-7bab359\" data-id=\"7bab359\" data-element_type=\"column\">\n\t\t\t<div class=\"elementor-widget-wrap elementor-element-populated\">\n\t\t\t\t\t\t<div class=\"elementor-element elementor-element-5efc002 elementor-widget elementor-widget-image\" data-id=\"5efc002\" data-element_type=\"widget\" data-widget_type=\"image.default\">\n\t\t\t\t<div class=\"elementor-widget-container\">\n\t\t\t\t\t\t\t\t\t\t\t\t\t<img decoding=\"async\" width=\"580\" height=\"453\" src=\"https:\/\/lerouxsharpening.ca\/wp-content\/uploads\/2021\/07\/ImagesDesign-fr-1024x799.png\" class=\"attachment-large size-large wp-image-1348\" alt=\"\" srcset=\"https:\/\/lerouxsharpening.ca\/wp-content\/uploads\/2021\/07\/ImagesDesign-fr-1024x799.png 1024w, https:\/\/lerouxsharpening.ca\/wp-content\/uploads\/2021\/07\/ImagesDesign-fr-300x234.png 300w, https:\/\/lerouxsharpening.ca\/wp-content\/uploads\/2021\/07\/ImagesDesign-fr-768x599.png 768w, https:\/\/lerouxsharpening.ca\/wp-content\/uploads\/2021\/07\/ImagesDesign-fr-1200x936.png 1200w, https:\/\/lerouxsharpening.ca\/wp-content\/uploads\/2021\/07\/ImagesDesign-fr-600x468.png 600w, https:\/\/lerouxsharpening.ca\/wp-content\/uploads\/2021\/07\/ImagesDesign-fr.png 1500w\" sizes=\"(max-width: 580px) 100vw, 580px\" \/>\t\t\t\t\t\t\t\t\t\t\t\t\t<\/div>\n\t\t\t\t<\/div>\n\t\t\t\t\t<\/div>\n\t\t<\/div>\n\t\t\t\t\t<\/div>\n\t\t<\/section>\n\t\t\t\t<section class=\"elementor-section elementor-top-section elementor-element elementor-element-830d44d elementor-section-boxed elementor-section-height-default elementor-section-height-default\" data-id=\"830d44d\" data-element_type=\"section\" data-settings=\"{&quot;background_background&quot;:&quot;classic&quot;}\">\n\t\t\t\t\t\t<div class=\"elementor-container elementor-column-gap-default\">\n\t\t\t\t\t<div class=\"elementor-column elementor-col-100 elementor-top-column elementor-element elementor-element-d2c741c\" data-id=\"d2c741c\" data-element_type=\"column\">\n\t\t\t<div class=\"elementor-widget-wrap elementor-element-populated\">\n\t\t\t\t\t\t<div class=\"elementor-element elementor-element-f4a0884 elementor-widget elementor-widget-heading\" data-id=\"f4a0884\" data-element_type=\"widget\" data-widget_type=\"heading.default\">\n\t\t\t\t<div class=\"elementor-widget-container\">\n\t\t\t<h2 class=\"elementor-heading-title elementor-size-default\">Aff\u00fbtage de scies et bien plus encore<\/h2>\t\t<\/div>\n\t\t\t\t<\/div>\n\t\t\t\t<div class=\"elementor-element elementor-element-d704d0b elementor-widget elementor-widget-text-editor\" data-id=\"d704d0b\" data-element_type=\"widget\" data-widget_type=\"text-editor.default\">\n\t\t\t\t<div class=\"elementor-widget-container\">\n\t\t\t\t\t\t\t<div style=\"text-align: center;\">Vous avez investi pour vous procurer des outils de qualit\u00e9 pour le jardinage,<\/div>\n<div style=\"text-align: center;\">la cuisine ou encore le travail du bois. Maintenant, vous pouvez compter sur nous pour un aff\u00fbtage professionnel et bien fait. Chez Aff\u00fbtage Leroux Sharpening, aff\u00fbter n\u2019est pas simplement un m\u00e9tier : c\u2019est un art.<\/div>\t\t\t\t\t\t<\/div>\n\t\t\t\t<\/div>\n\t\t\t\t<section class=\"elementor-section elementor-inner-section elementor-element elementor-element-3509cf1 elementor-section-boxed elementor-section-height-default elementor-section-height-default\" data-id=\"3509cf1\" data-element_type=\"section\">\n\t\t\t\t\t\t<div class=\"elementor-container elementor-column-gap-default\">\n\t\t\t\t\t<div class=\"elementor-column elementor-col-25 elementor-inner-column elementor-element elementor-element-10e90f3\" data-id=\"10e90f3\" data-element_type=\"column\" data-settings=\"{&quot;background_background&quot;:&quot;classic&quot;,&quot;animation&quot;:&quot;none&quot;}\">\n\t\t\t<div class=\"elementor-widget-wrap elementor-element-populated\">\n\t\t\t\t\t<div class=\"elementor-background-overlay\"><\/div>\n\t\t\t\t\t\t<div class=\"elementor-element elementor-element-fff4ef0 elementor-widget elementor-widget-image\" data-id=\"fff4ef0\" data-element_type=\"widget\" data-widget_type=\"image.default\">\n\t\t\t\t<div class=\"elementor-widget-container\">\n\t\t\t\t\t\t\t\t\t\t\t\t\t<img loading=\"lazy\" decoding=\"async\" width=\"150\" height=\"150\" src=\"https:\/\/lerouxsharpening.ca\/wp-content\/uploads\/2021\/07\/WoodRed-150x150.png\" class=\"attachment-thumbnail size-thumbnail wp-image-872\" alt=\"\" srcset=\"https:\/\/lerouxsharpening.ca\/wp-content\/uploads\/2021\/07\/WoodRed-150x150.png 150w, https:\/\/lerouxsharpening.ca\/wp-content\/uploads\/2021\/07\/WoodRed-500x500.png 500w, https:\/\/lerouxsharpening.ca\/wp-content\/uploads\/2021\/07\/WoodRed-300x300.png 300w, https:\/\/lerouxsharpening.ca\/wp-content\/uploads\/2021\/07\/WoodRed-100x100.png 100w\" sizes=\"(max-width: 150px) 100vw, 150px\" \/>\t\t\t\t\t\t\t\t\t\t\t\t\t<\/div>\n\t\t\t\t<\/div>\n\t\t\t\t<div class=\"elementor-element elementor-element-5c3c14a elementor-widget elementor-widget-heading\" data-id=\"5c3c14a\" data-element_type=\"widget\" data-widget_type=\"heading.default\">\n\t\t\t\t<div class=\"elementor-widget-container\">\n\t\t\t<h2 class=\"elementor-heading-title elementor-size-default\">\u00c9b\u00e9nisterie et travail du bois<\/h2>\t\t<\/div>\n\t\t\t\t<\/div>\n\t\t\t\t\t<\/div>\n\t\t<\/div>\n\t\t\t\t<div class=\"elementor-column elementor-col-25 elementor-inner-column elementor-element elementor-element-c5b0f9d\" data-id=\"c5b0f9d\" data-element_type=\"column\" data-settings=\"{&quot;background_background&quot;:&quot;classic&quot;,&quot;animation&quot;:&quot;none&quot;}\">\n\t\t\t<div class=\"elementor-widget-wrap elementor-element-populated\">\n\t\t\t\t\t<div class=\"elementor-background-overlay\"><\/div>\n\t\t\t\t\t\t<div class=\"elementor-element elementor-element-30db012 elementor-widget elementor-widget-image\" data-id=\"30db012\" data-element_type=\"widget\" data-widget_type=\"image.default\">\n\t\t\t\t<div class=\"elementor-widget-container\">\n\t\t\t\t\t\t\t\t\t\t\t\t\t<img loading=\"lazy\" decoding=\"async\" width=\"150\" height=\"150\" src=\"https:\/\/lerouxsharpening.ca\/wp-content\/uploads\/2021\/07\/MetalsRed-150x150.png\" class=\"attachment-thumbnail size-thumbnail wp-image-870\" alt=\"\" srcset=\"https:\/\/lerouxsharpening.ca\/wp-content\/uploads\/2021\/07\/MetalsRed-150x150.png 150w, https:\/\/lerouxsharpening.ca\/wp-content\/uploads\/2021\/07\/MetalsRed-500x500.png 500w, https:\/\/lerouxsharpening.ca\/wp-content\/uploads\/2021\/07\/MetalsRed-300x300.png 300w, https:\/\/lerouxsharpening.ca\/wp-content\/uploads\/2021\/07\/MetalsRed-100x100.png 100w\" sizes=\"(max-width: 150px) 100vw, 150px\" \/>\t\t\t\t\t\t\t\t\t\t\t\t\t<\/div>\n\t\t\t\t<\/div>\n\t\t\t\t<div class=\"elementor-element elementor-element-49b4b16 elementor-widget elementor-widget-heading\" data-id=\"49b4b16\" data-element_type=\"widget\" data-widget_type=\"heading.default\">\n\t\t\t\t<div class=\"elementor-widget-container\">\n\t\t\t<h2 class=\"elementor-heading-title elementor-size-default\">M\u00e9tal<\/h2>\t\t<\/div>\n\t\t\t\t<\/div>\n\t\t\t\t\t<\/div>\n\t\t<\/div>\n\t\t\t\t<div class=\"elementor-column elementor-col-25 elementor-inner-column elementor-element elementor-element-a4b39fb\" data-id=\"a4b39fb\" data-element_type=\"column\" data-settings=\"{&quot;background_background&quot;:&quot;classic&quot;,&quot;animation&quot;:&quot;none&quot;}\">\n\t\t\t<div class=\"elementor-widget-wrap elementor-element-populated\">\n\t\t\t\t\t<div class=\"elementor-background-overlay\"><\/div>\n\t\t\t\t\t\t<div class=\"elementor-element elementor-element-bbd0d77 elementor-widget elementor-widget-image\" data-id=\"bbd0d77\" data-element_type=\"widget\" data-widget_type=\"image.default\">\n\t\t\t\t<div class=\"elementor-widget-container\">\n\t\t\t\t\t\t\t\t\t\t\t\t\t<img loading=\"lazy\" decoding=\"async\" width=\"150\" height=\"150\" src=\"https:\/\/lerouxsharpening.ca\/wp-content\/uploads\/2021\/07\/GardeningRed-150x150.png\" class=\"attachment-thumbnail size-thumbnail wp-image-869\" alt=\"\" srcset=\"https:\/\/lerouxsharpening.ca\/wp-content\/uploads\/2021\/07\/GardeningRed-150x150.png 150w, https:\/\/lerouxsharpening.ca\/wp-content\/uploads\/2021\/07\/GardeningRed-500x500.png 500w, https:\/\/lerouxsharpening.ca\/wp-content\/uploads\/2021\/07\/GardeningRed-300x300.png 300w, https:\/\/lerouxsharpening.ca\/wp-content\/uploads\/2021\/07\/GardeningRed-100x100.png 100w\" sizes=\"(max-width: 150px) 100vw, 150px\" \/>\t\t\t\t\t\t\t\t\t\t\t\t\t<\/div>\n\t\t\t\t<\/div>\n\t\t\t\t<div class=\"elementor-element elementor-element-6de785d elementor-widget elementor-widget-heading\" data-id=\"6de785d\" data-element_type=\"widget\" data-widget_type=\"heading.default\">\n\t\t\t\t<div class=\"elementor-widget-container\">\n\t\t\t<h2 class=\"elementor-heading-title elementor-size-default\">Jardinage<\/h2>\t\t<\/div>\n\t\t\t\t<\/div>\n\t\t\t\t\t<\/div>\n\t\t<\/div>\n\t\t\t\t<div class=\"elementor-column elementor-col-25 elementor-inner-column elementor-element elementor-element-88a73c1\" data-id=\"88a73c1\" data-element_type=\"column\" data-settings=\"{&quot;background_background&quot;:&quot;classic&quot;,&quot;animation&quot;:&quot;none&quot;}\">\n\t\t\t<div class=\"elementor-widget-wrap elementor-element-populated\">\n\t\t\t\t\t<div class=\"elementor-background-overlay\"><\/div>\n\t\t\t\t\t\t<div class=\"elementor-element elementor-element-c6316f9 elementor-widget elementor-widget-image\" data-id=\"c6316f9\" data-element_type=\"widget\" data-widget_type=\"image.default\">\n\t\t\t\t<div class=\"elementor-widget-container\">\n\t\t\t\t\t\t\t\t\t\t\t\t\t<img loading=\"lazy\" decoding=\"async\" width=\"150\" height=\"150\" src=\"https:\/\/lerouxsharpening.ca\/wp-content\/uploads\/2021\/07\/OthersRed-150x150.png\" class=\"attachment-thumbnail size-thumbnail wp-image-871\" alt=\"\" srcset=\"https:\/\/lerouxsharpening.ca\/wp-content\/uploads\/2021\/07\/OthersRed-150x150.png 150w, https:\/\/lerouxsharpening.ca\/wp-content\/uploads\/2021\/07\/OthersRed-500x500.png 500w, https:\/\/lerouxsharpening.ca\/wp-content\/uploads\/2021\/07\/OthersRed-300x300.png 300w, https:\/\/lerouxsharpening.ca\/wp-content\/uploads\/2021\/07\/OthersRed-100x100.png 100w\" sizes=\"(max-width: 150px) 100vw, 150px\" \/>\t\t\t\t\t\t\t\t\t\t\t\t\t<\/div>\n\t\t\t\t<\/div>\n\t\t\t\t<div class=\"elementor-element elementor-element-cc7133c elementor-widget elementor-widget-heading\" data-id=\"cc7133c\" data-element_type=\"widget\" data-widget_type=\"heading.default\">\n\t\t\t\t<div class=\"elementor-widget-container\">\n\t\t\t<h2 class=\"elementor-heading-title elementor-size-default\">Presque tout ce qui a un tranchant!<\/h2>\t\t<\/div>\n\t\t\t\t<\/div>\n\t\t\t\t\t<\/div>\n\t\t<\/div>\n\t\t\t\t\t<\/div>\n\t\t<\/section>\n\t\t\t\t\t<\/div>\n\t\t<\/div>\n\t\t\t\t\t<\/div>\n\t\t<\/section>\n\t\t\t\t<section class=\"elementor-section elementor-top-section elementor-element elementor-element-47aa1e9 elementor-section-boxed elementor-section-height-default elementor-section-height-default\" data-id=\"47aa1e9\" data-element_type=\"section\">\n\t\t\t\t\t\t<div class=\"elementor-container elementor-column-gap-default\">\n\t\t\t\t\t<div class=\"elementor-column elementor-col-100 elementor-top-column elementor-element elementor-element-1525a5c\" data-id=\"1525a5c\" data-element_type=\"column\" data-settings=\"{&quot;background_background&quot;:&quot;classic&quot;}\">\n\t\t\t<div class=\"elementor-widget-wrap elementor-element-populated\">\n\t\t\t\t\t\t<section class=\"elementor-section elementor-inner-section elementor-element elementor-element-6d7a457 elementor-section-boxed elementor-section-height-default elementor-section-height-default\" data-id=\"6d7a457\" data-element_type=\"section\">\n\t\t\t\t\t\t<div class=\"elementor-container elementor-column-gap-default\">\n\t\t\t\t\t<div class=\"elementor-column elementor-col-50 elementor-inner-column elementor-element elementor-element-e7d0840\" data-id=\"e7d0840\" data-element_type=\"column\" data-settings=\"{&quot;background_background&quot;:&quot;classic&quot;}\">\n\t\t\t<div class=\"elementor-widget-wrap elementor-element-populated\">\n\t\t\t\t\t\t<div class=\"elementor-element elementor-element-bb7a010 elementor-widget elementor-widget-heading\" data-id=\"bb7a010\" data-element_type=\"widget\" data-widget_type=\"heading.default\">\n\t\t\t\t<div class=\"elementor-widget-container\">\n\t\t\t<h2 class=\"elementor-heading-title elementor-size-large\">Associations&nbsp;<div>Professionnelles<\/div><\/h2>\t\t<\/div>\n\t\t\t\t<\/div>\n\t\t\t\t\t<\/div>\n\t\t<\/div>\n\t\t\t\t<div class=\"elementor-column elementor-col-50 elementor-inner-column elementor-element elementor-element-b219513\" data-id=\"b219513\" data-element_type=\"column\" data-settings=\"{&quot;background_background&quot;:&quot;classic&quot;}\">\n\t\t\t<div class=\"elementor-widget-wrap elementor-element-populated\">\n\t\t\t\t\t\t<div class=\"elementor-element elementor-element-35d568b elementor-widget elementor-widget-image\" data-id=\"35d568b\" data-element_type=\"widget\" data-widget_type=\"image.default\">\n\t\t\t\t<div class=\"elementor-widget-container\">\n\t\t\t\t\t\t\t\t\t\t\t\t\t<img loading=\"lazy\" decoding=\"async\" width=\"580\" height=\"91\" src=\"https:\/\/lerouxsharpening.ca\/wp-content\/uploads\/2021\/07\/Logos.png\" class=\"attachment-large size-large wp-image-1343\" alt=\"\" srcset=\"https:\/\/lerouxsharpening.ca\/wp-content\/uploads\/2021\/07\/Logos.png 806w, https:\/\/lerouxsharpening.ca\/wp-content\/uploads\/2021\/07\/Logos-300x47.png 300w, https:\/\/lerouxsharpening.ca\/wp-content\/uploads\/2021\/07\/Logos-768x121.png 768w, https:\/\/lerouxsharpening.ca\/wp-content\/uploads\/2021\/07\/Logos-600x95.png 600w\" sizes=\"(max-width: 580px) 100vw, 580px\" \/>\t\t\t\t\t\t\t\t\t\t\t\t\t<\/div>\n\t\t\t\t<\/div>\n\t\t\t\t\t<\/div>\n\t\t<\/div>\n\t\t\t\t\t<\/div>\n\t\t<\/section>\n\t\t\t\t\t<\/div>\n\t\t<\/div>\n\t\t\t\t\t<\/div>\n\t\t<\/section>\n\t\t\t\t<\/div>\n\t\t","protected":false},"excerpt":{"rendered":"<p>Pensez-si&#8230; L\u2019aff\u00fbtage permet de prolonger la vie de votre \u00e9quipement. Inutile de le remplacer, il suffit de le faire aff\u00fbter. Cela r\u00e9duit les co\u00fbts. De plus, un outil bien aiguis\u00e9 dure plus longtemps et est plus efficace. L\u2019aiguisage se fait en atelier fixe afin d\u2019\u00e9viter toute vibration. Nous utilisons des machines d\u2019aff\u00fbtage de grande pr\u00e9cision [&hellip;]<\/p>\n","protected":false},"author":1,"featured_media":0,"parent":0,"menu_order":0,"comment_status":"closed","ping_status":"closed","template":"","meta":{"footnotes":""},"class_list":["post-1393","page","type-page","status-publish","hentry"],"_links":{"self":[{"href":"https:\/\/lerouxsharpening.ca\/fr\/wp-json\/wp\/v2\/pages\/1393","targetHints":{"allow":["GET"]}}],"collection":[{"href":"https:\/\/lerouxsharpening.ca\/fr\/wp-json\/wp\/v2\/pages"}],"about":[{"href":"https:\/\/lerouxsharpening.ca\/fr\/wp-json\/wp\/v2\/types\/page"}],"author":[{"embeddable":true,"href":"https:\/\/lerouxsharpening.ca\/fr\/wp-json\/wp\/v2\/users\/1"}],"replies":[{"embeddable":true,"href":"https:\/\/lerouxsharpening.ca\/fr\/wp-json\/wp\/v2\/comments?post=1393"}],"version-history":[{"count":7,"href":"https:\/\/lerouxsharpening.ca\/fr\/wp-json\/wp\/v2\/pages\/1393\/revisions"}],"predecessor-version":[{"id":1400,"href":"https:\/\/lerouxsharpening.ca\/fr\/wp-json\/wp\/v2\/pages\/1393\/revisions\/1400"}],"wp:attachment":[{"href":"https:\/\/lerouxsharpening.ca\/fr\/wp-json\/wp\/v2\/media?parent=1393"}],"curies":[{"name":"wp","href":"https:\/\/api.w.org\/{rel}","templated":true}]}}